{"id":1304,"date":"2018-09-24T13:42:28","date_gmt":"2018-09-24T13:42:28","guid":{"rendered":"https:\/\/escarate.es\/politica-de-privacidad\/"},"modified":"2018-10-05T07:07:22","modified_gmt":"2018-10-05T07:07:22","slug":"privacy-policy","status":"publish","type":"page","link":"https:\/\/www.escarate.es\/en\/privacy-policy\/","title":{"rendered":"Privacy Policy"},"content":{"rendered":"<p><strong>TRATAMIENTO DE DATOS DE CAR\u00c1CTER PERSONAL<\/strong><\/p>\n<p>En cumplimiento con lo dispuesto en la Ley Org\u00e1nica 15\/1999, de 13 de diciembre, de Protecci\u00f3n de Datos de Car\u00e1cter Personal (\u2018LOPD\u2019), le informamos de que los datos que voluntariamente facilite el usuario, ser\u00e1n incorporados para su tratamiento a un fichero debidamente inscrito titularidad de ESC\u00c1RATE ASESORES S.L.P. (\u201cESC\u00c1RATE\u201d) con la finalidad de poder identificarlo y contactar con \u00e9l, as\u00ed como para facilitarle cualquier informaci\u00f3n que solicite.<\/p>\n<p>En cualquier caso, el usuario podr\u00e1 ejercer sus derechos de acceso, rectificaci\u00f3n, cancelaci\u00f3n, oposici\u00f3n, portabilidad, olvido y limitaci\u00f3n del tratamiento, los cuales podr\u00e1n ser ejercidos por \u00e9l y, en su caso, por quien lo represente, mediante solicitud escrita y firmada dirigida a:<\/p>\n<p style=\"padding-left: 30px;\"><strong>ESC\u00c1RATE ASESORES, S. L. P.<\/strong><br \/>\n<strong>Avenida del General Per\u00f3n, 38, Edificio Master\u00b4s I, planta 10<\/strong><br \/>\n<strong>28020 Madrid<\/strong><br \/>\n<strong><a href=\"mailto:info@escarate.es\">info@escarate.es<\/a><\/strong><\/p>\n<p>Dicha solicitud deber\u00e1 ir acompa\u00f1ada de los siguientes datos: nombre y apellidos del usuario, domicilio a efectos de notificaciones y fotocopia del documento nacional de identidad o del pasaporte. En el caso de representaci\u00f3n, deber\u00e1 probarse \u00e9sta mediante documento fehaciente.<\/p>\n<p>ESC\u00c1RATE informa de que tiene implementadas las medidas de seguridad de \u00edndole t\u00e9cnica y organizativa necesarias para evitar la alteraci\u00f3n, p\u00e9rdida, tratamiento y\/o acceso no autorizado, habida cuenta del estado de la tecnolog\u00eda, la naturaleza de los datos almacenados y los riesgos a los que est\u00e1n expuestos, ya provengan de la acci\u00f3n humana o del medio f\u00edsico o natural.<\/p>\n<p>&nbsp;<\/p>\n<p><strong>MEDIDAS DE SEGURIDAD<\/strong><\/p>\n<p>ESCARATE adopta los niveles de seguridad requeridos por el Real Decreto 1720\/2007, de 21 de diciembre, por el que se aprueba el Reglamento de desarrollo de la LOPD, adecuados a la naturaleza de los datos que son objeto de tratamiento en cada momento. No obstante lo anterior, la seguridad t\u00e9cnica en un medio como Internet no es inexpugnable y pueden existir actuaciones dolosas de terceros, si bien ESC\u00c1RATE pone todos los medios a su alcance para evitar dichas actuaciones.<\/p>\n<p>&nbsp;<\/p>\n<p><strong>POL\u00cdTICA DE USO DE COOKIES<\/strong><\/p>\n<p>En cumplimiento de lo dispuesto en el art\u00edculo 22.2 LSSI, ESC\u00c1RATE \u00fanicamente utilizar\u00e1 dispositivos de almacenamiento y recuperaci\u00f3n de datos (\u2018Cookies\u2019) cuando el usuario haya dado su consentimiento previo para ello de acuerdo con lo que se indica en la ventana emergente del navegador del usuario cuando accede por primera vez.<\/p>\n<p>&nbsp;<\/p>\n<p><strong>DERECHOS ARCO-POL<\/strong><\/p>\n<p>El Usuario podr\u00e1 ejercer sus derechos de Acceso, Rectificaci\u00f3n, Cancelaci\u00f3n, Oposici\u00f3n, Portabilidad, Olvido y Limitaci\u00f3n del tratamiento (\u2018Derechos ARCO-POL\u2019) en los t\u00e9rminos legalmente previstos, los cuales podr\u00e1n ser ejercidos por \u00e9l y, en su caso, por quien lo represente, mediante solicitud escrita y firmada dirigida a:<\/p>\n<p style=\"padding-left: 30px;\"><strong>ESC\u00c1RATE ASESORES, S. L. P.<\/strong><br \/>\n<strong>Avenida del General Per\u00f3n, 38, Edificio Master\u00b4s I, planta 10<\/strong><br \/>\n<strong>28020 Madrid<\/strong><br \/>\n<strong><a href=\"mailto:info@escarate.es\">info@escarate.es<\/a><\/strong><\/p>\n<p>Dicha solicitud deber\u00e1 ir acompa\u00f1ada de los siguientes datos: nombre y apellidos del usuario, domicilio a efectos de notificaciones y fotocopia del documento nacional de identidad o del pasaporte. En el caso de representaci\u00f3n, deber\u00e1 probarse \u00e9sta mediante documento fehaciente.<\/p>\n<p>ESC\u00c1RATE informa de que tiene implementadas las medidas de seguridad de \u00edndole t\u00e9cnica y organizativa necesarias para evitar la alteraci\u00f3n, p\u00e9rdida, tratamiento y\/o acceso no autorizado, habida cuenta del estado de la tecnolog\u00eda, la naturaleza de los datos almacenados y los riesgos a los que est\u00e1n expuestos, ya provengan de la acci\u00f3n humana o del medio f\u00edsico o natural.<\/p>\n","protected":false},"excerpt":{"rendered":"<p>TRATAMIENTO DE DATOS DE CAR\u00c1CTER PERSONAL En cumplimiento con lo dispuesto en la Ley Org\u00e1nica 15\/1999, de 13 de diciembre, de Protecci\u00f3n de Datos de Car\u00e1cter Personal (\u2018LOPD\u2019), le informamos de que los datos que voluntariamente facilite el usuario, ser\u00e1n incorporados para su tratamiento a un fichero debidamente inscrito titularidad de ESC\u00c1RATE ASESORES S.L.P. (\u201cESC\u00c1RATE\u201d) &hellip; <\/p>\n","protected":false},"author":1,"featured_media":0,"parent":0,"menu_order":0,"comment_status":"closed","ping_status":"closed","template":"","meta":{"_acf_changed":false,"_exactmetrics_skip_tracking":false,"_exactmetrics_sitenote_active":false,"_exactmetrics_sitenote_note":"","_exactmetrics_sitenote_category":0,"footnotes":""},"class_list":["post-1304","page","type-page","status-publish","hentry"],"acf":[],"_links":{"self":[{"href":"https:\/\/www.escarate.es\/en\/wp-json\/wp\/v2\/pages\/1304","targetHints":{"allow":["GET"]}}],"collection":[{"href":"https:\/\/www.escarate.es\/en\/wp-json\/wp\/v2\/pages"}],"about":[{"href":"https:\/\/www.escarate.es\/en\/wp-json\/wp\/v2\/types\/page"}],"author":[{"embeddable":true,"href":"https:\/\/www.escarate.es\/en\/wp-json\/wp\/v2\/users\/1"}],"replies":[{"embeddable":true,"href":"https:\/\/www.escarate.es\/en\/wp-json\/wp\/v2\/comments?post=1304"}],"version-history":[{"count":0,"href":"https:\/\/www.escarate.es\/en\/wp-json\/wp\/v2\/pages\/1304\/revisions"}],"wp:attachment":[{"href":"https:\/\/www.escarate.es\/en\/wp-json\/wp\/v2\/media?parent=1304"}],"curies":[{"name":"wp","href":"https:\/\/api.w.org\/{rel}","templated":true}]}}